{"id":791,"date":"2017-12-22T17:43:50","date_gmt":"2017-12-22T17:43:50","guid":{"rendered":"http:\/\/foto.rituais.com\/wp\/imagemlusa\/?page_id=791"},"modified":"2020-03-06T12:06:36","modified_gmt":"2020-03-06T12:06:36","slug":"suporte","status":"publish","type":"page","link":"http:\/\/rituais.com\/rituais\/suporte\/","title":{"rendered":"Ultimate Member"},"content":{"rendered":"<p>P\u00e1ginas do gest\u00e3o de utilizadores Ultimate Member<\/p>\n<p>(escolha uma op\u00e7\u00e3o do menu)<\/p>\n","protected":false},"excerpt":{"rendered":"<p>P\u00e1ginas do gest\u00e3o de utilizadores Ultimate Member (escolha uma op\u00e7\u00e3o do menu)<\/p>\n","protected":false},"author":1,"featured_media":0,"parent":0,"menu_order":0,"comment_status":"closed","ping_status":"closed","template":"","meta":{"_acf_changed":false,"_bbp_topic_count":0,"_bbp_reply_count":0,"_bbp_total_topic_count":0,"_bbp_total_reply_count":0,"_bbp_voice_count":0,"_bbp_anonymous_reply_count":0,"_bbp_topic_count_hidden":0,"_bbp_reply_count_hidden":0,"_bbp_forum_subforum_count":0,"_monsterinsights_skip_tracking":false,"_monsterinsights_sitenote_active":false,"_monsterinsights_sitenote_note":"","_monsterinsights_sitenote_category":0,"_s2mail":"","footnotes":""},"class_list":["post-791","page","type-page","status-publish","hentry"],"acf":[],"yoast_head":"<!-- This site is optimized with the Yoast SEO plugin v27.4 - https:\/\/yoast.com\/product\/yoast-seo-wordpress\/ -->\n<title>Ultimate Member - Rituais em viagem<\/title>\n<meta name=\"description\" content=\"P\u00e1ginas do gest\u00e3o de utilizadores Ultimate Member (escolha uma op\u00e7\u00e3o do menu)\" \/>\n<meta name=\"robots\" content=\"index, follow, max-snippet:-1, max-image-preview:large, max-video-preview:-1\" \/>\n<link rel=\"canonical\" href=\"http:\/\/rituais.com\/rituais\/suporte\/\" \/>\n<meta property=\"og:locale\" content=\"pt_PT\" \/>\n<meta property=\"og:type\" content=\"article\" \/>\n<meta property=\"og:title\" content=\"Ultimate Member - Rituais em viagem\" \/>\n<meta property=\"og:description\" content=\"P\u00e1ginas do gest\u00e3o de utilizadores Ultimate Member (escolha uma op\u00e7\u00e3o do menu)\" \/>\n<meta property=\"og:url\" content=\"http:\/\/rituais.com\/rituais\/suporte\/\" \/>\n<meta property=\"og:site_name\" content=\"Rituais em viagem\" \/>\n<meta property=\"article:publisher\" content=\"https:\/\/www.facebook.com\/RituaisemViagem\/\" \/>\n<meta property=\"article:modified_time\" content=\"2020-03-06T12:06:36+00:00\" \/>\n<meta property=\"og:image\" content=\"http:\/\/rituais.com\/rituais\/wp-content\/uploads\/2017\/03\/Pictograma-Rituais.png\" \/>\n\t<meta property=\"og:image:width\" content=\"106\" \/>\n\t<meta property=\"og:image:height\" content=\"108\" \/>\n\t<meta property=\"og:image:type\" content=\"image\/png\" \/>\n<meta name=\"twitter:card\" content=\"summary_large_image\" \/>\n<meta name=\"twitter:site\" content=\"@Rituais_\" \/>\n<script type=\"application\/ld+json\" class=\"yoast-schema-graph\">{\"@context\":\"https:\\\/\\\/schema.org\",\"@graph\":[{\"@type\":\"WebPage\",\"@id\":\"http:\\\/\\\/rituais.com\\\/rituais\\\/suporte\\\/\",\"url\":\"http:\\\/\\\/rituais.com\\\/rituais\\\/suporte\\\/\",\"name\":\"Ultimate Member - Rituais em viagem\",\"isPartOf\":{\"@id\":\"http:\\\/\\\/rituais.com\\\/rituais\\\/#website\"},\"datePublished\":\"2017-12-22T17:43:50+00:00\",\"dateModified\":\"2020-03-06T12:06:36+00:00\",\"description\":\"P\u00e1ginas do gest\u00e3o de utilizadores Ultimate Member (escolha uma op\u00e7\u00e3o do menu)\",\"breadcrumb\":{\"@id\":\"http:\\\/\\\/rituais.com\\\/rituais\\\/suporte\\\/#breadcrumb\"},\"inLanguage\":\"pt-PT\",\"potentialAction\":[{\"@type\":\"ReadAction\",\"target\":[\"http:\\\/\\\/rituais.com\\\/rituais\\\/suporte\\\/\"]}]},{\"@type\":\"BreadcrumbList\",\"@id\":\"http:\\\/\\\/rituais.com\\\/rituais\\\/suporte\\\/#breadcrumb\",\"itemListElement\":[{\"@type\":\"ListItem\",\"position\":1,\"name\":\"In\u00edcio\",\"item\":\"http:\\\/\\\/rituais.com\\\/rituais\\\/\"},{\"@type\":\"ListItem\",\"position\":2,\"name\":\"Ultimate Member\"}]},{\"@type\":\"WebSite\",\"@id\":\"http:\\\/\\\/rituais.com\\\/rituais\\\/#website\",\"url\":\"http:\\\/\\\/rituais.com\\\/rituais\\\/\",\"name\":\"Rituais em viagem\",\"description\":\"Viagens em autonomia e atividades de ar livre em formato aventura\",\"publisher\":{\"@id\":\"http:\\\/\\\/rituais.com\\\/rituais\\\/#organization\"},\"potentialAction\":[{\"@type\":\"SearchAction\",\"target\":{\"@type\":\"EntryPoint\",\"urlTemplate\":\"http:\\\/\\\/rituais.com\\\/rituais\\\/?s={search_term_string}\"},\"query-input\":{\"@type\":\"PropertyValueSpecification\",\"valueRequired\":true,\"valueName\":\"search_term_string\"}}],\"inLanguage\":\"pt-PT\"},{\"@type\":\"Organization\",\"@id\":\"http:\\\/\\\/rituais.com\\\/rituais\\\/#organization\",\"name\":\"Rituais em viagem\",\"url\":\"http:\\\/\\\/rituais.com\\\/rituais\\\/\",\"logo\":{\"@type\":\"ImageObject\",\"inLanguage\":\"pt-PT\",\"@id\":\"http:\\\/\\\/rituais.com\\\/rituais\\\/#\\\/schema\\\/logo\\\/image\\\/\",\"url\":\"http:\\\/\\\/rituais.com\\\/rituais\\\/wp-content\\\/uploads\\\/2017\\\/03\\\/Pictograma-Rituais.png\",\"contentUrl\":\"http:\\\/\\\/rituais.com\\\/rituais\\\/wp-content\\\/uploads\\\/2017\\\/03\\\/Pictograma-Rituais.png\",\"width\":106,\"height\":108,\"caption\":\"Rituais em viagem\"},\"image\":{\"@id\":\"http:\\\/\\\/rituais.com\\\/rituais\\\/#\\\/schema\\\/logo\\\/image\\\/\"},\"sameAs\":[\"https:\\\/\\\/www.facebook.com\\\/RituaisemViagem\\\/\",\"https:\\\/\\\/x.com\\\/Rituais_\",\"https:\\\/\\\/www.instagram.com\\\/rituaisemviagem\\\/\",\"https:\\\/\\\/www.youtube.com\\\/channel\\\/UCbf86SX7BsNf46uru7b7feg\"]}]}<\/script>\n<!-- \/ Yoast SEO plugin. -->","yoast_head_json":{"title":"Ultimate Member - Rituais em viagem","description":"P\u00e1ginas do gest\u00e3o de utilizadores Ultimate Member (escolha uma op\u00e7\u00e3o do menu)","robots":{"index":"index","follow":"follow","max-snippet":"max-snippet:-1","max-image-preview":"max-image-preview:large","max-video-preview":"max-video-preview:-1"},"canonical":"http:\/\/rituais.com\/rituais\/suporte\/","og_locale":"pt_PT","og_type":"article","og_title":"Ultimate Member - Rituais em viagem","og_description":"P\u00e1ginas do gest\u00e3o de utilizadores Ultimate Member (escolha uma op\u00e7\u00e3o do menu)","og_url":"http:\/\/rituais.com\/rituais\/suporte\/","og_site_name":"Rituais em viagem","article_publisher":"https:\/\/www.facebook.com\/RituaisemViagem\/","article_modified_time":"2020-03-06T12:06:36+00:00","og_image":[{"width":106,"height":108,"url":"http:\/\/rituais.com\/rituais\/wp-content\/uploads\/2017\/03\/Pictograma-Rituais.png","type":"image\/png"}],"twitter_card":"summary_large_image","twitter_site":"@Rituais_","schema":{"@context":"https:\/\/schema.org","@graph":[{"@type":"WebPage","@id":"http:\/\/rituais.com\/rituais\/suporte\/","url":"http:\/\/rituais.com\/rituais\/suporte\/","name":"Ultimate Member - Rituais em viagem","isPartOf":{"@id":"http:\/\/rituais.com\/rituais\/#website"},"datePublished":"2017-12-22T17:43:50+00:00","dateModified":"2020-03-06T12:06:36+00:00","description":"P\u00e1ginas do gest\u00e3o de utilizadores Ultimate Member (escolha uma op\u00e7\u00e3o do menu)","breadcrumb":{"@id":"http:\/\/rituais.com\/rituais\/suporte\/#breadcrumb"},"inLanguage":"pt-PT","potentialAction":[{"@type":"ReadAction","target":["http:\/\/rituais.com\/rituais\/suporte\/"]}]},{"@type":"BreadcrumbList","@id":"http:\/\/rituais.com\/rituais\/suporte\/#breadcrumb","itemListElement":[{"@type":"ListItem","position":1,"name":"In\u00edcio","item":"http:\/\/rituais.com\/rituais\/"},{"@type":"ListItem","position":2,"name":"Ultimate Member"}]},{"@type":"WebSite","@id":"http:\/\/rituais.com\/rituais\/#website","url":"http:\/\/rituais.com\/rituais\/","name":"Rituais em viagem","description":"Viagens em autonomia e atividades de ar livre em formato aventura","publisher":{"@id":"http:\/\/rituais.com\/rituais\/#organization"},"potentialAction":[{"@type":"SearchAction","target":{"@type":"EntryPoint","urlTemplate":"http:\/\/rituais.com\/rituais\/?s={search_term_string}"},"query-input":{"@type":"PropertyValueSpecification","valueRequired":true,"valueName":"search_term_string"}}],"inLanguage":"pt-PT"},{"@type":"Organization","@id":"http:\/\/rituais.com\/rituais\/#organization","name":"Rituais em viagem","url":"http:\/\/rituais.com\/rituais\/","logo":{"@type":"ImageObject","inLanguage":"pt-PT","@id":"http:\/\/rituais.com\/rituais\/#\/schema\/logo\/image\/","url":"http:\/\/rituais.com\/rituais\/wp-content\/uploads\/2017\/03\/Pictograma-Rituais.png","contentUrl":"http:\/\/rituais.com\/rituais\/wp-content\/uploads\/2017\/03\/Pictograma-Rituais.png","width":106,"height":108,"caption":"Rituais em viagem"},"image":{"@id":"http:\/\/rituais.com\/rituais\/#\/schema\/logo\/image\/"},"sameAs":["https:\/\/www.facebook.com\/RituaisemViagem\/","https:\/\/x.com\/Rituais_","https:\/\/www.instagram.com\/rituaisemviagem\/","https:\/\/www.youtube.com\/channel\/UCbf86SX7BsNf46uru7b7feg"]}]}},"_links":{"self":[{"href":"http:\/\/rituais.com\/rituais\/wp-json\/wp\/v2\/pages\/791","targetHints":{"allow":["GET"]}}],"collection":[{"href":"http:\/\/rituais.com\/rituais\/wp-json\/wp\/v2\/pages"}],"about":[{"href":"http:\/\/rituais.com\/rituais\/wp-json\/wp\/v2\/types\/page"}],"author":[{"embeddable":true,"href":"http:\/\/rituais.com\/rituais\/wp-json\/wp\/v2\/users\/1"}],"replies":[{"embeddable":true,"href":"http:\/\/rituais.com\/rituais\/wp-json\/wp\/v2\/comments?post=791"}],"version-history":[{"count":3,"href":"http:\/\/rituais.com\/rituais\/wp-json\/wp\/v2\/pages\/791\/revisions"}],"predecessor-version":[{"id":29070,"href":"http:\/\/rituais.com\/rituais\/wp-json\/wp\/v2\/pages\/791\/revisions\/29070"}],"wp:attachment":[{"href":"http:\/\/rituais.com\/rituais\/wp-json\/wp\/v2\/media?parent=791"}],"curies":[{"name":"wp","href":"https:\/\/api.w.org\/{rel}","templated":true}]}}