{"id":10,"date":"2017-05-11T12:41:27","date_gmt":"2017-05-11T12:41:27","guid":{"rendered":"http:\/\/foto.rituais.com\/wp\/imagemlusa\/?page_id=10"},"modified":"2020-03-13T10:37:25","modified_gmt":"2020-03-13T10:37:25","slug":"imagem-lusa","status":"publish","type":"page","link":"http:\/\/rituais.com\/rituais\/","title":{"rendered":"Rituais em viagem"},"content":{"rendered":"<p>Este \u00e9 um ponto de encontro de viajantes que gostam de viajar em autonomia e de atividades de ar livre em formato aventura. O site \u00e9 um reposit\u00f3rio de informa\u00e7\u00e3o \u00fatil para o planeamento de viagens, com informa\u00e7\u00e3o gen\u00e9rica de todos os pa\u00edses do Mundo, videos de viagem e informa\u00e7\u00e3o de detalhe referente a motivos de interesse que merecem ser visitados.<\/p>\n<p><a href=\"http:\/\/rituais.com\/rituais\/suporte\/register\/\">Regista-te no site<\/a> para teres acesso a conte\u00fados exclusivos e para conheceres em primeira m\u00e3o os videos que produzimos.<u><\/u><\/p>\n<p>SEGUE-NOS NA MEDIA SOCIAL<br \/>\nYoutube: <a href=\"http:\/\/www.youtube.rituais.com\">http:\/\/www.youtube.rituais.com<\/a><br \/>\nFacebook: <a href=\"http:\/\/www.facebook.rituais.com\">http:\/\/www.facebook.rituais.com<\/a><br \/>\nInstagram: <a href=\"http:\/\/www.instagram.rituais.com\">http:\/\/www.instagram.rituais.com<\/a><br \/>\nTwitter: <a href=\"http:\/\/www.twitter.rituais.com\">http:\/\/www.twitter.rituais.com<\/a><\/p>\n<p>Projeto Rituais: <a href=\"http:\/\/www.rituais.com\/\">http:\/\/www.rituais.com<\/a><br \/>\nSite antigo do projeto Rituais: <a href=\"http:\/\/www.old.rituais.com\">http:\/\/www.old.rituais.com<\/a><\/p>\n<p>Produ\u00e7\u00e3o de fotografia e video: <a href=\"http:\/\/www.imagemlusa.com\/\">http:\/\/www.imagemlusa.com<\/a><\/p>\n<h6><span style=\"color: #003366;\"><span style=\"text-decoration: underline;\">Nota para utilizadores do site antigo<\/span>: No processo de migra\u00e7\u00e3o para a nova plataforma, percebemos que uma grande quantidade de endere\u00e7os, estavam a devolver correio. Esses utilizadores foram eliminados\u2026 se \u00e9 o teu caso, convidamos-te a fazer um novo registo<\/span><\/h6>\n<div id=\"wpgmza_map\" class=\"wpgmza_map\" data-settings=\"{&quot;id&quot;:&quot;1&quot;,&quot;map_title&quot;:&quot;PNG&quot;,&quot;map_width&quot;:&quot;100&quot;,&quot;map_height&quot;:&quot;400&quot;,&quot;map_start_lat&quot;:&quot;33.911282&quot;,&quot;map_start_lng&quot;:&quot;-32.549902&quot;,&quot;map_start_location&quot;:&quot;33.911281719756225,-32.54990202028483&quot;,&quot;map_start_zoom&quot;:&quot;2&quot;,&quot;default_marker&quot;:&quot;0&quot;,&quot;type&quot;:&quot;1&quot;,&quot;alignment&quot;:&quot;1&quot;,&quot;directions_enabled&quot;:&quot;1&quot;,&quot;styling_enabled&quot;:&quot;0&quot;,&quot;styling_json&quot;:&quot;&quot;,&quot;active&quot;:&quot;0&quot;,&quot;kml&quot;:&quot;&quot;,&quot;bicycle&quot;:&quot;1&quot;,&quot;traffic&quot;:&quot;1&quot;,&quot;dbox&quot;:&quot;1&quot;,&quot;dbox_width&quot;:&quot;100&quot;,&quot;listmarkers&quot;:&quot;0&quot;,&quot;listmarkers_advanced&quot;:&quot;0&quot;,&quot;filterbycat&quot;:&quot;0&quot;,&quot;ugm_enabled&quot;:&quot;0&quot;,&quot;ugm_category_enabled&quot;:&quot;0&quot;,&quot;fusion&quot;:&quot;&quot;,&quot;map_width_type&quot;:&quot;\\\\%&quot;,&quot;map_height_type&quot;:&quot;px&quot;,&quot;mass_marker_support&quot;:&quot;1&quot;,&quot;ugm_access&quot;:&quot;0&quot;,&quot;order_markers_by&quot;:&quot;1&quot;,&quot;order_markers_choice&quot;:&quot;2&quot;,&quot;show_user_location&quot;:&quot;0&quot;,&quot;default_to&quot;:&quot;&quot;,&quot;other_settings&quot;:{&quot;store_locator_enabled&quot;:2,&quot;store_locator_distance&quot;:2,&quot;store_locator_default_radius&quot;:&quot;10&quot;,&quot;store_locator_not_found_message&quot;:&quot;No results found in this location. Please try again.&quot;,&quot;store_locator_bounce&quot;:1,&quot;store_locator_query_string&quot;:&quot;CEP \\\/ Endere\\u00e7o:&quot;,&quot;store_locator_default_address&quot;:&quot;&quot;,&quot;wpgmza_store_locator_restrict&quot;:&quot;&quot;,&quot;map_max_zoom&quot;:&quot;1&quot;,&quot;transport_layer&quot;:1,&quot;wpgmza_theme_data&quot;:&quot;[ \\\\\\&quot;visibility\\\\\\&quot;, \\\\\\&quot;invert_lightness\\\\\\&quot;, \\\\\\&quot;color\\\\\\&quot;, \\\\\\&quot;weight\\\\\\&quot;, \\\\\\&quot;hue\\\\\\&quot;, \\\\\\&quot;saturation\\\\\\&quot;, \\\\\\&quot;lightness\\\\\\&quot;, \\\\\\&quot;gamma\\\\\\&quot;]&quot;,&quot;wpgmza_theme_selection&quot;:0,&quot;wpgmza_show_points_of_interest&quot;:1}}\" data-map-id='1' Data-maps-engine='' data-shortcode-attributes=\"{&quot;id&quot;:&quot;1&quot;}\" style=\"display:block; overflow:auto; width:100%; height:400px; float:left;\"><\/div>\n<p><em>\u00a0<\/em><\/p>\n","protected":false},"excerpt":{"rendered":"<p>Este \u00e9 um ponto de encontro de viajantes que gostam de viajar em autonomia e de atividades de ar livre em formato aventura. O site \u00e9 um reposit\u00f3rio de informa\u00e7\u00e3o \u00fatil para o planeamento de viagens, com informa\u00e7\u00e3o gen\u00e9rica de todos os pa\u00edses do Mundo, videos de viagem e informa\u00e7\u00e3o de detalhe referente a motivos [&hellip;]<\/p>\n","protected":false},"author":1,"featured_media":0,"parent":0,"menu_order":1,"comment_status":"closed","ping_status":"closed","template":"","meta":{"_acf_changed":false,"_bbp_topic_count":0,"_bbp_reply_count":0,"_bbp_total_topic_count":0,"_bbp_total_reply_count":0,"_bbp_voice_count":0,"_bbp_anonymous_reply_count":0,"_bbp_topic_count_hidden":0,"_bbp_reply_count_hidden":0,"_bbp_forum_subforum_count":0,"_monsterinsights_skip_tracking":false,"_monsterinsights_sitenote_active":false,"_monsterinsights_sitenote_note":"","_monsterinsights_sitenote_category":0,"_s2mail":"yes","footnotes":""},"class_list":["post-10","page","type-page","status-publish","hentry"],"acf":[],"yoast_head":"<!-- This site is optimized with the Yoast SEO plugin v27.4 - https:\/\/yoast.com\/product\/yoast-seo-wordpress\/ -->\n<title>Rituais em viagem - Rituais em viagem pelo Mundo - Ponto de encontro de viajantes<\/title>\n<meta name=\"description\" content=\"O site do projeto Rituais \u00e9 um ponto de encontro de viajantes, com informa\u00e7\u00e3o de motivos de interesse em todo o Mundo (Plataforma de Navega\u00e7\u00e3o Geogr\u00e1fica).\" \/>\n<meta name=\"robots\" content=\"index, follow, max-snippet:-1, max-image-preview:large, max-video-preview:-1\" \/>\n<link rel=\"canonical\" href=\"http:\/\/rituais.com\/rituais\/\" \/>\n<meta property=\"og:locale\" content=\"pt_PT\" \/>\n<meta property=\"og:type\" content=\"article\" \/>\n<meta property=\"og:title\" content=\"Rituais em viagem - Rituais em viagem pelo Mundo - Ponto de encontro de viajantes\" \/>\n<meta property=\"og:description\" content=\"O site do projeto Rituais \u00e9 um ponto de encontro de viajantes, com informa\u00e7\u00e3o de motivos de interesse em todo o Mundo (Plataforma de Navega\u00e7\u00e3o Geogr\u00e1fica).\" \/>\n<meta property=\"og:url\" content=\"http:\/\/rituais.com\/rituais\/\" \/>\n<meta property=\"og:site_name\" content=\"Rituais em viagem\" \/>\n<meta property=\"article:publisher\" content=\"https:\/\/www.facebook.com\/RituaisemViagem\/\" \/>\n<meta property=\"article:modified_time\" content=\"2020-03-13T10:37:25+00:00\" \/>\n<meta property=\"og:image\" content=\"http:\/\/rituais.com\/rituais\/wp-content\/uploads\/2017\/03\/Pictograma-Rituais.png\" \/>\n\t<meta property=\"og:image:width\" content=\"106\" \/>\n\t<meta property=\"og:image:height\" content=\"108\" \/>\n\t<meta property=\"og:image:type\" content=\"image\/png\" \/>\n<meta name=\"twitter:card\" content=\"summary_large_image\" \/>\n<meta name=\"twitter:site\" content=\"@Rituais_\" \/>\n<meta name=\"twitter:label1\" content=\"Tempo estimado de leitura\" \/>\n\t<meta name=\"twitter:data1\" content=\"1 minuto\" \/>\n<script type=\"application\/ld+json\" class=\"yoast-schema-graph\">{\"@context\":\"https:\\\/\\\/schema.org\",\"@graph\":[{\"@type\":\"WebPage\",\"@id\":\"http:\\\/\\\/rituais.com\\\/rituais\\\/\",\"url\":\"http:\\\/\\\/rituais.com\\\/rituais\\\/\",\"name\":\"Rituais em viagem - Rituais em viagem pelo Mundo - Ponto de encontro de viajantes\",\"isPartOf\":{\"@id\":\"http:\\\/\\\/rituais.com\\\/rituais\\\/#website\"},\"datePublished\":\"2017-05-11T12:41:27+00:00\",\"dateModified\":\"2020-03-13T10:37:25+00:00\",\"description\":\"O site do projeto Rituais \u00e9 um ponto de encontro de viajantes, com informa\u00e7\u00e3o de motivos de interesse em todo o Mundo (Plataforma de Navega\u00e7\u00e3o Geogr\u00e1fica).\",\"breadcrumb\":{\"@id\":\"http:\\\/\\\/rituais.com\\\/rituais\\\/#breadcrumb\"},\"inLanguage\":\"pt-PT\",\"potentialAction\":[{\"@type\":\"ReadAction\",\"target\":[\"http:\\\/\\\/rituais.com\\\/rituais\\\/\"]}]},{\"@type\":\"BreadcrumbList\",\"@id\":\"http:\\\/\\\/rituais.com\\\/rituais\\\/#breadcrumb\",\"itemListElement\":[{\"@type\":\"ListItem\",\"position\":1,\"name\":\"In\u00edcio\",\"item\":\"http:\\\/\\\/rituais.com\\\/rituais\\\/\"},{\"@type\":\"ListItem\",\"position\":2,\"name\":\"Rituais em viagem\"}]},{\"@type\":\"WebSite\",\"@id\":\"http:\\\/\\\/rituais.com\\\/rituais\\\/#website\",\"url\":\"http:\\\/\\\/rituais.com\\\/rituais\\\/\",\"name\":\"Rituais em viagem\",\"description\":\"Viagens em autonomia e atividades de ar livre em formato aventura\",\"publisher\":{\"@id\":\"http:\\\/\\\/rituais.com\\\/rituais\\\/#organization\"},\"potentialAction\":[{\"@type\":\"SearchAction\",\"target\":{\"@type\":\"EntryPoint\",\"urlTemplate\":\"http:\\\/\\\/rituais.com\\\/rituais\\\/?s={search_term_string}\"},\"query-input\":{\"@type\":\"PropertyValueSpecification\",\"valueRequired\":true,\"valueName\":\"search_term_string\"}}],\"inLanguage\":\"pt-PT\"},{\"@type\":\"Organization\",\"@id\":\"http:\\\/\\\/rituais.com\\\/rituais\\\/#organization\",\"name\":\"Rituais em viagem\",\"url\":\"http:\\\/\\\/rituais.com\\\/rituais\\\/\",\"logo\":{\"@type\":\"ImageObject\",\"inLanguage\":\"pt-PT\",\"@id\":\"http:\\\/\\\/rituais.com\\\/rituais\\\/#\\\/schema\\\/logo\\\/image\\\/\",\"url\":\"http:\\\/\\\/rituais.com\\\/rituais\\\/wp-content\\\/uploads\\\/2017\\\/03\\\/Pictograma-Rituais.png\",\"contentUrl\":\"http:\\\/\\\/rituais.com\\\/rituais\\\/wp-content\\\/uploads\\\/2017\\\/03\\\/Pictograma-Rituais.png\",\"width\":106,\"height\":108,\"caption\":\"Rituais em viagem\"},\"image\":{\"@id\":\"http:\\\/\\\/rituais.com\\\/rituais\\\/#\\\/schema\\\/logo\\\/image\\\/\"},\"sameAs\":[\"https:\\\/\\\/www.facebook.com\\\/RituaisemViagem\\\/\",\"https:\\\/\\\/x.com\\\/Rituais_\",\"https:\\\/\\\/www.instagram.com\\\/rituaisemviagem\\\/\",\"https:\\\/\\\/www.youtube.com\\\/channel\\\/UCbf86SX7BsNf46uru7b7feg\"]}]}<\/script>\n<!-- \/ Yoast SEO plugin. -->","yoast_head_json":{"title":"Rituais em viagem - Rituais em viagem pelo Mundo - Ponto de encontro de viajantes","description":"O site do projeto Rituais \u00e9 um ponto de encontro de viajantes, com informa\u00e7\u00e3o de motivos de interesse em todo o Mundo (Plataforma de Navega\u00e7\u00e3o Geogr\u00e1fica).","robots":{"index":"index","follow":"follow","max-snippet":"max-snippet:-1","max-image-preview":"max-image-preview:large","max-video-preview":"max-video-preview:-1"},"canonical":"http:\/\/rituais.com\/rituais\/","og_locale":"pt_PT","og_type":"article","og_title":"Rituais em viagem - Rituais em viagem pelo Mundo - Ponto de encontro de viajantes","og_description":"O site do projeto Rituais \u00e9 um ponto de encontro de viajantes, com informa\u00e7\u00e3o de motivos de interesse em todo o Mundo (Plataforma de Navega\u00e7\u00e3o Geogr\u00e1fica).","og_url":"http:\/\/rituais.com\/rituais\/","og_site_name":"Rituais em viagem","article_publisher":"https:\/\/www.facebook.com\/RituaisemViagem\/","article_modified_time":"2020-03-13T10:37:25+00:00","og_image":[{"width":106,"height":108,"url":"http:\/\/rituais.com\/rituais\/wp-content\/uploads\/2017\/03\/Pictograma-Rituais.png","type":"image\/png"}],"twitter_card":"summary_large_image","twitter_site":"@Rituais_","twitter_misc":{"Tempo estimado de leitura":"1 minuto"},"schema":{"@context":"https:\/\/schema.org","@graph":[{"@type":"WebPage","@id":"http:\/\/rituais.com\/rituais\/","url":"http:\/\/rituais.com\/rituais\/","name":"Rituais em viagem - Rituais em viagem pelo Mundo - Ponto de encontro de viajantes","isPartOf":{"@id":"http:\/\/rituais.com\/rituais\/#website"},"datePublished":"2017-05-11T12:41:27+00:00","dateModified":"2020-03-13T10:37:25+00:00","description":"O site do projeto Rituais \u00e9 um ponto de encontro de viajantes, com informa\u00e7\u00e3o de motivos de interesse em todo o Mundo (Plataforma de Navega\u00e7\u00e3o Geogr\u00e1fica).","breadcrumb":{"@id":"http:\/\/rituais.com\/rituais\/#breadcrumb"},"inLanguage":"pt-PT","potentialAction":[{"@type":"ReadAction","target":["http:\/\/rituais.com\/rituais\/"]}]},{"@type":"BreadcrumbList","@id":"http:\/\/rituais.com\/rituais\/#breadcrumb","itemListElement":[{"@type":"ListItem","position":1,"name":"In\u00edcio","item":"http:\/\/rituais.com\/rituais\/"},{"@type":"ListItem","position":2,"name":"Rituais em viagem"}]},{"@type":"WebSite","@id":"http:\/\/rituais.com\/rituais\/#website","url":"http:\/\/rituais.com\/rituais\/","name":"Rituais em viagem","description":"Viagens em autonomia e atividades de ar livre em formato aventura","publisher":{"@id":"http:\/\/rituais.com\/rituais\/#organization"},"potentialAction":[{"@type":"SearchAction","target":{"@type":"EntryPoint","urlTemplate":"http:\/\/rituais.com\/rituais\/?s={search_term_string}"},"query-input":{"@type":"PropertyValueSpecification","valueRequired":true,"valueName":"search_term_string"}}],"inLanguage":"pt-PT"},{"@type":"Organization","@id":"http:\/\/rituais.com\/rituais\/#organization","name":"Rituais em viagem","url":"http:\/\/rituais.com\/rituais\/","logo":{"@type":"ImageObject","inLanguage":"pt-PT","@id":"http:\/\/rituais.com\/rituais\/#\/schema\/logo\/image\/","url":"http:\/\/rituais.com\/rituais\/wp-content\/uploads\/2017\/03\/Pictograma-Rituais.png","contentUrl":"http:\/\/rituais.com\/rituais\/wp-content\/uploads\/2017\/03\/Pictograma-Rituais.png","width":106,"height":108,"caption":"Rituais em viagem"},"image":{"@id":"http:\/\/rituais.com\/rituais\/#\/schema\/logo\/image\/"},"sameAs":["https:\/\/www.facebook.com\/RituaisemViagem\/","https:\/\/x.com\/Rituais_","https:\/\/www.instagram.com\/rituaisemviagem\/","https:\/\/www.youtube.com\/channel\/UCbf86SX7BsNf46uru7b7feg"]}]}},"_links":{"self":[{"href":"http:\/\/rituais.com\/rituais\/wp-json\/wp\/v2\/pages\/10","targetHints":{"allow":["GET"]}}],"collection":[{"href":"http:\/\/rituais.com\/rituais\/wp-json\/wp\/v2\/pages"}],"about":[{"href":"http:\/\/rituais.com\/rituais\/wp-json\/wp\/v2\/types\/page"}],"author":[{"embeddable":true,"href":"http:\/\/rituais.com\/rituais\/wp-json\/wp\/v2\/users\/1"}],"replies":[{"embeddable":true,"href":"http:\/\/rituais.com\/rituais\/wp-json\/wp\/v2\/comments?post=10"}],"version-history":[{"count":5,"href":"http:\/\/rituais.com\/rituais\/wp-json\/wp\/v2\/pages\/10\/revisions"}],"predecessor-version":[{"id":29783,"href":"http:\/\/rituais.com\/rituais\/wp-json\/wp\/v2\/pages\/10\/revisions\/29783"}],"wp:attachment":[{"href":"http:\/\/rituais.com\/rituais\/wp-json\/wp\/v2\/media?parent=10"}],"curies":[{"name":"wp","href":"https:\/\/api.w.org\/{rel}","templated":true}]}}